{"id":1693,"date":"2024-09-10T15:27:53","date_gmt":"2024-09-10T13:27:53","guid":{"rendered":"https:\/\/alpha.planworks.de\/newsfeed\/"},"modified":"2025-04-10T07:59:24","modified_gmt":"2025-04-10T05:59:24","slug":"newsfeed","status":"publish","type":"page","link":"https:\/\/www.planworks.de\/de\/newsfeed\/","title":{"rendered":"Newsfeed"},"content":{"rendered":"<p>[et_pb_section fb_built=&#8220;1&#8243; custom_padding_last_edited=&#8220;on|tablet&#8220; admin_label=&#8220;Header&#8220; _builder_version=&#8220;4.24.2&#8243; _module_preset=&#8220;default&#8220; background_color=&#8220;#FFFFFF&#8220; use_background_color_gradient=&#8220;on&#8220; background_color_gradient_type=&#8220;elliptical&#8220; background_color_gradient_direction_radial=&#8220;right&#8220; background_color_gradient_stops=&#8220;#0dabe1 0%|rgba(255,255,255,0) 72%&#8220; background_size=&#8220;initial&#8220; background_position=&#8220;top_center&#8220; background_repeat=&#8220;repeat&#8220; overflow-x=&#8220;hidden&#8220; overflow-y=&#8220;hidden&#8220; custom_margin_tablet=&#8220;&#8220; custom_margin_phone=&#8220;||0px||false|false&#8220; custom_margin_last_edited=&#8220;on|phone&#8220; custom_padding=&#8220;130px||1px||false|false&#8220; custom_padding_tablet=&#8220;0px||0px||false|false&#8220; custom_padding_phone=&#8220;0px||30px||false|false&#8220; collapsed=&#8220;on&#8220; global_colors_info=&#8220;{%22gcid-1bcf785a-50e1-437b-b09f-65567babc1de%22:%91%22background_color_gradient_stops%22%93}&#8220;][et_pb_row column_structure=&#8220;2_3,1_3&#8243; _builder_version=&#8220;4.24.2&#8243; _module_preset=&#8220;default&#8220; custom_margin_tablet=&#8220;&#8220; custom_margin_phone=&#8220;||-20px||false|false&#8220; custom_margin_last_edited=&#8220;on|phone&#8220; custom_padding=&#8220;||2px|||&#8220; global_colors_info=&#8220;{}&#8220;][et_pb_column type=&#8220;2_3&#8243; _builder_version=&#8220;4.19.5&#8243; _module_preset=&#8220;default&#8220; z_index=&#8220;10&#8243; global_colors_info=&#8220;{}&#8220;][et_pb_text _builder_version=&#8220;4.24.2&#8243; _module_preset=&#8220;9306e4fa-cab0-4b33-99fa-5724d8990224&#8243; header_font=&#8220;|700|||||||&#8220; header_text_color=&#8220;#75787b&#8220; header_font_size=&#8220;110px&#8220; header_letter_spacing=&#8220;-3px&#8220; custom_margin=&#8220;||10px||false|false&#8220; custom_margin_tablet=&#8220;||10px||false|false&#8220; custom_margin_phone=&#8220;||10px||false|false&#8220; custom_margin_last_edited=&#8220;on|tablet&#8220; custom_padding=&#8220;||||false|false&#8220; custom_padding_tablet=&#8220;|10vw|||false|false&#8220; custom_padding_phone=&#8220;|10vw|||false|false&#8220; custom_padding_last_edited=&#8220;on|tablet&#8220; header_font_size_tablet=&#8220;65px&#8220; header_font_size_phone=&#8220;50px&#8220; header_font_size_last_edited=&#8220;on|phone&#8220; locked=&#8220;off&#8220; global_colors_info=&#8220;{}&#8220;]<\/p>\n<h1>Newsfeed<\/h1>\n<p>[\/et_pb_text][et_pb_text _builder_version=&#8220;4.27.4&#8243; _module_preset=&#8220;392b32e1-068e-4ddc-94b5-db7a255c5f30&#8243; text_text_color=&#8220;#0dabe1&#8243; max_width_tablet=&#8220;&#8220; max_width_phone=&#8220;290px&#8220; max_width_last_edited=&#8220;on|phone&#8220; custom_margin=&#8220;30px||3px||false|false&#8220; custom_margin_tablet=&#8220;0px||-1px||false|false&#8220; custom_margin_phone=&#8220;0px||-1px||false|false&#8220; custom_margin_last_edited=&#8220;on|tablet&#8220; global_colors_info=&#8220;{}&#8220;]<\/p>\n<p><strong>INFORMIERE DICH \u00dcBER UNSERE NEUESTEN ENTWICKLUNGEN UND THEMEN<\/strong><\/p>\n<p>[\/et_pb_text][et_pb_text _builder_version=&#8220;4.27.4&#8243; _module_preset=&#8220;392b32e1-068e-4ddc-94b5-db7a255c5f30&#8243; text_text_color=&#8220;#000000&#8243; max_width=&#8220;640px&#8220; max_width_tablet=&#8220;560px&#8220; max_width_phone=&#8220;&#8220; max_width_last_edited=&#8220;on|tablet&#8220; custom_margin=&#8220;||-1px||false|false&#8220; custom_margin_tablet=&#8220;||80px||false|false&#8220; custom_margin_phone=&#8220;||40px||false|false&#8220; custom_margin_last_edited=&#8220;on|tablet&#8220; custom_padding_tablet=&#8220;|13vw|||false|false&#8220; custom_padding_phone=&#8220;|9vw|||false|false&#8220; custom_padding_last_edited=&#8220;on|phone&#8220; global_colors_info=&#8220;{}&#8220;]<\/p>\n<p>Lies \u00fcber die pers\u00f6nlichen Erfahrungen unserer Kund*innen im Implementierungsprozess und der t\u00e4glichen Nutzung von Tables for Revit und informiere Dich \u00fcber unsere neuesten Themen und Softwareentwicklungen!<\/p>\n<p>[\/et_pb_text][\/et_pb_column][et_pb_column type=&#8220;1_3&#8243; _builder_version=&#8220;4.19.2&#8243; _module_preset=&#8220;default&#8220; global_colors_info=&#8220;{}&#8220;][et_pb_image src=&#8220;http:\/\/alpha.planworks.de\/wp-content\/uploads\/2023\/08\/Website_Icons_News.png&#8220; title_text=&#8220;website-icons-news&#8220; align_tablet=&#8220;right&#8220; align_phone=&#8220;right&#8220; align_last_edited=&#8220;on|tablet&#8220; _builder_version=&#8220;4.27.4&#8243; _module_preset=&#8220;default&#8220; width_tablet=&#8220;70%&#8220; width_phone=&#8220;100%&#8220; width_last_edited=&#8220;on|tablet&#8220; module_alignment=&#8220;left&#8220; custom_margin=&#8220;-40%|||-50%|false|false&#8220; custom_margin_tablet=&#8220;-40%|||33%|false|false&#8220; custom_margin_phone=&#8220;-90%|||15%|false|false&#8220; custom_margin_last_edited=&#8220;on|phone&#8220; custom_padding=&#8220;||||false|false&#8220; custom_padding_tablet=&#8220;|||20vw|false|false&#8220; custom_padding_phone=&#8220;|18px||25vw|false|false&#8220; custom_padding_last_edited=&#8220;on|phone&#8220; scroll_vertical_motion=&#8220;0|50|50|100|-1|0|1&#8243; scroll_scaling=&#8220;0|50|50|100|100%|100|70%&#8220; module_alignment_tablet=&#8220;right&#8220; module_alignment_phone=&#8220;right&#8220; module_alignment_last_edited=&#8220;on|tablet&#8220; global_colors_info=&#8220;{}&#8220;][\/et_pb_image][\/et_pb_column][\/et_pb_row][\/et_pb_section][et_pb_section fb_built=&#8220;1&#8243; custom_padding_last_edited=&#8220;on|tablet&#8220; admin_label=&#8220;Features&#8220; module_id=&#8220;aboutus&#8220; _builder_version=&#8220;4.24.2&#8243; _module_preset=&#8220;default&#8220; background_color=&#8220;#FFFFFF&#8220; use_background_color_gradient=&#8220;on&#8220; background_color_gradient_stops=&#8220;rgba(255,255,255,0) 35%|rgba(13,171,225,0.15) 100%&#8220; background_color_gradient_overlays_image=&#8220;on&#8220; background_image=&#8220;http:\/\/alpha.planworks.de\/wp-content\/uploads\/2023\/08\/planworks-picture-1.png&#8220; background_size=&#8220;initial&#8220; background_position=&#8220;top_center&#8220; custom_margin_tablet=&#8220;0px||||false|false&#8220; custom_margin_phone=&#8220;0px||-10vw||false|false&#8220; custom_margin_last_edited=&#8220;on|tablet&#8220; custom_padding=&#8220;50px||110px|||&#8220; custom_padding_tablet=&#8220;50px||100px||false|false&#8220; custom_padding_phone=&#8220;0px||100px||false|false&#8220; collapsed=&#8220;on&#8220; global_colors_info=&#8220;{}&#8220;][et_pb_row _builder_version=&#8220;4.25.2&#8243; _module_preset=&#8220;default&#8220; global_colors_info=&#8220;{}&#8220;][et_pb_column type=&#8220;4_4&#8243; _builder_version=&#8220;4.25.2&#8243; _module_preset=&#8220;default&#8220; global_colors_info=&#8220;{}&#8220;][et_pb_blog show_more=&#8220;on&#8220; show_author=&#8220;off&#8220; show_excerpt=&#8220;off&#8220; _builder_version=&#8220;4.27.4&#8243; _module_preset=&#8220;default&#8220; header_line_height=&#8220;1.5em&#8220; background_color=&#8220;RGBA(255,255,255,0)&#8220; border_width_all=&#8220;0px&#8220; border_style_all_image=&#8220;none&#8220; global_colors_info=&#8220;{}&#8220;][\/et_pb_blog][\/et_pb_column][\/et_pb_row][\/et_pb_section]<\/p>\n","protected":false},"excerpt":{"rendered":"<p>NewsfeedINFORMIERE DICH \u00dcBER UNSERE NEUESTEN ENTWICKLUNGEN UND THEMENLies \u00fcber die pers\u00f6nlichen Erfahrungen unserer Kund*innen im Implementierungsprozess und der t\u00e4glichen Nutzung von Tables for Revit und informiere Dich \u00fcber unsere neuesten Themen und Softwareentwicklungen!<\/p>\n","protected":false},"author":1,"featured_media":0,"parent":0,"menu_order":0,"comment_status":"closed","ping_status":"closed","template":"","meta":{"_et_pb_use_builder":"on","_et_pb_old_content":"","_et_gb_content_width":"","iawp_total_views":102,"footnotes":""},"class_list":["post-1693","page","type-page","status-publish","hentry"],"yoast_head":"<!-- This site is optimized with the Yoast SEO plugin v27.3 - https:\/\/yoast.com\/product\/yoast-seo-wordpress\/ -->\n<title>Newsfeed - Planworks<\/title>\n<meta name=\"robots\" content=\"index, follow, max-snippet:-1, max-image-preview:large, max-video-preview:-1\" \/>\n<link rel=\"canonical\" href=\"https:\/\/www.planworks.de\/de\/newsfeed\/\" \/>\n<meta property=\"og:locale\" content=\"de_DE\" \/>\n<meta property=\"og:type\" content=\"article\" \/>\n<meta property=\"og:title\" content=\"Newsfeed - Planworks\" \/>\n<meta property=\"og:description\" content=\"NewsfeedINFORMIERE DICH \u00dcBER UNSERE NEUESTEN ENTWICKLUNGEN UND THEMENLies \u00fcber die pers\u00f6nlichen Erfahrungen unserer Kund*innen im Implementierungsprozess und der t\u00e4glichen Nutzung von Tables for Revit und informiere Dich \u00fcber unsere neuesten Themen und Softwareentwicklungen!\" \/>\n<meta property=\"og:url\" content=\"https:\/\/www.planworks.de\/de\/newsfeed\/\" \/>\n<meta property=\"og:site_name\" content=\"Planworks\" \/>\n<meta property=\"article:modified_time\" content=\"2025-04-10T05:59:24+00:00\" \/>\n<meta name=\"twitter:card\" content=\"summary_large_image\" \/>\n<meta name=\"twitter:label1\" content=\"Gesch\u00e4tzte Lesezeit\" \/>\n\t<meta name=\"twitter:data1\" content=\"4\u00a0Minuten\" \/>\n<script type=\"application\/ld+json\" class=\"yoast-schema-graph\">{\"@context\":\"https:\\\/\\\/schema.org\",\"@graph\":[{\"@type\":\"WebPage\",\"@id\":\"https:\\\/\\\/www.planworks.de\\\/de\\\/newsfeed\\\/\",\"url\":\"https:\\\/\\\/www.planworks.de\\\/de\\\/newsfeed\\\/\",\"name\":\"Newsfeed - Planworks\",\"isPartOf\":{\"@id\":\"https:\\\/\\\/www.planworks.de\\\/de\\\/#website\"},\"datePublished\":\"2024-09-10T13:27:53+00:00\",\"dateModified\":\"2025-04-10T05:59:24+00:00\",\"breadcrumb\":{\"@id\":\"https:\\\/\\\/www.planworks.de\\\/de\\\/newsfeed\\\/#breadcrumb\"},\"inLanguage\":\"de\",\"potentialAction\":[{\"@type\":\"ReadAction\",\"target\":[\"https:\\\/\\\/www.planworks.de\\\/de\\\/newsfeed\\\/\"]}]},{\"@type\":\"BreadcrumbList\",\"@id\":\"https:\\\/\\\/www.planworks.de\\\/de\\\/newsfeed\\\/#breadcrumb\",\"itemListElement\":[{\"@type\":\"ListItem\",\"position\":1,\"name\":\"Startseite\",\"item\":\"https:\\\/\\\/www.planworks.de\\\/de\\\/\"},{\"@type\":\"ListItem\",\"position\":2,\"name\":\"Newsfeed\"}]},{\"@type\":\"WebSite\",\"@id\":\"https:\\\/\\\/www.planworks.de\\\/de\\\/#website\",\"url\":\"https:\\\/\\\/www.planworks.de\\\/de\\\/\",\"name\":\"Planworks\",\"description\":\"BIM Technology\",\"publisher\":{\"@id\":\"https:\\\/\\\/www.planworks.de\\\/de\\\/#organization\"},\"potentialAction\":[{\"@type\":\"SearchAction\",\"target\":{\"@type\":\"EntryPoint\",\"urlTemplate\":\"https:\\\/\\\/www.planworks.de\\\/de\\\/?s={search_term_string}\"},\"query-input\":{\"@type\":\"PropertyValueSpecification\",\"valueRequired\":true,\"valueName\":\"search_term_string\"}}],\"inLanguage\":\"de\"},{\"@type\":\"Organization\",\"@id\":\"https:\\\/\\\/www.planworks.de\\\/de\\\/#organization\",\"name\":\"Planworks\",\"url\":\"https:\\\/\\\/www.planworks.de\\\/de\\\/\",\"logo\":{\"@type\":\"ImageObject\",\"inLanguage\":\"de\",\"@id\":\"https:\\\/\\\/www.planworks.de\\\/de\\\/#\\\/schema\\\/logo\\\/image\\\/\",\"url\":\"http:\\\/\\\/alpha.planworks.de\\\/wp-content\\\/uploads\\\/2023\\\/08\\\/Logo_Planworks.png\",\"contentUrl\":\"http:\\\/\\\/alpha.planworks.de\\\/wp-content\\\/uploads\\\/2023\\\/08\\\/Logo_Planworks.png\",\"width\":3130,\"height\":582,\"caption\":\"Planworks\"},\"image\":{\"@id\":\"https:\\\/\\\/www.planworks.de\\\/de\\\/#\\\/schema\\\/logo\\\/image\\\/\"},\"sameAs\":[\"https:\\\/\\\/www.youtube.com\\\/@planworksgmbh\",\"https:\\\/\\\/www.linkedin.com\\\/company\\\/planworks-gmbh\"]}]}<\/script>\n<!-- \/ Yoast SEO plugin. -->","yoast_head_json":{"title":"Newsfeed - Planworks","robots":{"index":"index","follow":"follow","max-snippet":"max-snippet:-1","max-image-preview":"max-image-preview:large","max-video-preview":"max-video-preview:-1"},"canonical":"https:\/\/www.planworks.de\/de\/newsfeed\/","og_locale":"de_DE","og_type":"article","og_title":"Newsfeed - Planworks","og_description":"NewsfeedINFORMIERE DICH \u00dcBER UNSERE NEUESTEN ENTWICKLUNGEN UND THEMENLies \u00fcber die pers\u00f6nlichen Erfahrungen unserer Kund*innen im Implementierungsprozess und der t\u00e4glichen Nutzung von Tables for Revit und informiere Dich \u00fcber unsere neuesten Themen und Softwareentwicklungen!","og_url":"https:\/\/www.planworks.de\/de\/newsfeed\/","og_site_name":"Planworks","article_modified_time":"2025-04-10T05:59:24+00:00","twitter_card":"summary_large_image","twitter_misc":{"Gesch\u00e4tzte Lesezeit":"4\u00a0Minuten"},"schema":{"@context":"https:\/\/schema.org","@graph":[{"@type":"WebPage","@id":"https:\/\/www.planworks.de\/de\/newsfeed\/","url":"https:\/\/www.planworks.de\/de\/newsfeed\/","name":"Newsfeed - Planworks","isPartOf":{"@id":"https:\/\/www.planworks.de\/de\/#website"},"datePublished":"2024-09-10T13:27:53+00:00","dateModified":"2025-04-10T05:59:24+00:00","breadcrumb":{"@id":"https:\/\/www.planworks.de\/de\/newsfeed\/#breadcrumb"},"inLanguage":"de","potentialAction":[{"@type":"ReadAction","target":["https:\/\/www.planworks.de\/de\/newsfeed\/"]}]},{"@type":"BreadcrumbList","@id":"https:\/\/www.planworks.de\/de\/newsfeed\/#breadcrumb","itemListElement":[{"@type":"ListItem","position":1,"name":"Startseite","item":"https:\/\/www.planworks.de\/de\/"},{"@type":"ListItem","position":2,"name":"Newsfeed"}]},{"@type":"WebSite","@id":"https:\/\/www.planworks.de\/de\/#website","url":"https:\/\/www.planworks.de\/de\/","name":"Planworks","description":"BIM Technology","publisher":{"@id":"https:\/\/www.planworks.de\/de\/#organization"},"potentialAction":[{"@type":"SearchAction","target":{"@type":"EntryPoint","urlTemplate":"https:\/\/www.planworks.de\/de\/?s={search_term_string}"},"query-input":{"@type":"PropertyValueSpecification","valueRequired":true,"valueName":"search_term_string"}}],"inLanguage":"de"},{"@type":"Organization","@id":"https:\/\/www.planworks.de\/de\/#organization","name":"Planworks","url":"https:\/\/www.planworks.de\/de\/","logo":{"@type":"ImageObject","inLanguage":"de","@id":"https:\/\/www.planworks.de\/de\/#\/schema\/logo\/image\/","url":"http:\/\/alpha.planworks.de\/wp-content\/uploads\/2023\/08\/Logo_Planworks.png","contentUrl":"http:\/\/alpha.planworks.de\/wp-content\/uploads\/2023\/08\/Logo_Planworks.png","width":3130,"height":582,"caption":"Planworks"},"image":{"@id":"https:\/\/www.planworks.de\/de\/#\/schema\/logo\/image\/"},"sameAs":["https:\/\/www.youtube.com\/@planworksgmbh","https:\/\/www.linkedin.com\/company\/planworks-gmbh"]}]}},"_links":{"self":[{"href":"https:\/\/www.planworks.de\/de\/wp-json\/wp\/v2\/pages\/1693","targetHints":{"allow":["GET"]}}],"collection":[{"href":"https:\/\/www.planworks.de\/de\/wp-json\/wp\/v2\/pages"}],"about":[{"href":"https:\/\/www.planworks.de\/de\/wp-json\/wp\/v2\/types\/page"}],"author":[{"embeddable":true,"href":"https:\/\/www.planworks.de\/de\/wp-json\/wp\/v2\/users\/1"}],"replies":[{"embeddable":true,"href":"https:\/\/www.planworks.de\/de\/wp-json\/wp\/v2\/comments?post=1693"}],"version-history":[{"count":16,"href":"https:\/\/www.planworks.de\/de\/wp-json\/wp\/v2\/pages\/1693\/revisions"}],"predecessor-version":[{"id":2771,"href":"https:\/\/www.planworks.de\/de\/wp-json\/wp\/v2\/pages\/1693\/revisions\/2771"}],"wp:attachment":[{"href":"https:\/\/www.planworks.de\/de\/wp-json\/wp\/v2\/media?parent=1693"}],"curies":[{"name":"wp","href":"https:\/\/api.w.org\/{rel}","templated":true}]}}