{"id":831,"date":"2023-08-24T14:44:32","date_gmt":"2023-08-24T12:44:32","guid":{"rendered":"http:\/\/alpha.planworks.de\/impressum\/"},"modified":"2025-02-13T11:47:53","modified_gmt":"2025-02-13T11:47:53","slug":"impressum","status":"publish","type":"page","link":"https:\/\/www.planworks.de\/de\/impressum\/","title":{"rendered":"Impressum"},"content":{"rendered":"<p>[et_pb_section fb_built=&#8220;1&#8243; custom_padding_last_edited=&#8220;on|phone&#8220; admin_label=&#8220;Header&#8220; _builder_version=&#8220;4.24.2&#8243; _module_preset=&#8220;default&#8220; background_color=&#8220;#FFFFFF&#8220; use_background_color_gradient=&#8220;on&#8220; background_color_gradient_type=&#8220;elliptical&#8220; background_color_gradient_direction_radial=&#8220;right&#8220; background_color_gradient_stops=&#8220;rgba(13,171,225,0.15) 0%|rgba(255,255,255,0) 72%&#8220; background_size=&#8220;initial&#8220; background_position=&#8220;top_center&#8220; background_repeat=&#8220;repeat&#8220; overflow-x=&#8220;hidden&#8220; overflow-y=&#8220;hidden&#8220; custom_padding=&#8220;110px||2px||false|false&#8220; custom_padding_tablet=&#8220;4px||0px||false|false&#8220; custom_padding_phone=&#8220;2px||1px||false|false&#8220; da_disable_devices=&#8220;off|off|off&#8220; collapsed=&#8220;on&#8220; global_colors_info=&#8220;{%22gcid-1bcf785a-50e1-437b-b09f-65567babc1de%22:%91%22background_color_gradient_stops%22%93}&#8220; da_is_popup=&#8220;off&#8220; da_exit_intent=&#8220;off&#8220; da_has_close=&#8220;on&#8220; da_alt_close=&#8220;off&#8220; da_dark_close=&#8220;off&#8220; da_not_modal=&#8220;on&#8220; da_is_singular=&#8220;off&#8220; da_with_loader=&#8220;off&#8220; da_has_shadow=&#8220;on&#8220;][et_pb_row _builder_version=&#8220;4.19.5&#8243; _module_preset=&#8220;default&#8220; custom_padding=&#8220;6px||75px|||&#8220; global_colors_info=&#8220;{}&#8220;][et_pb_column type=&#8220;4_4&#8243; _builder_version=&#8220;4.19.5&#8243; _module_preset=&#8220;default&#8220; z_index=&#8220;10&#8243; global_colors_info=&#8220;{}&#8220;][et_pb_text _builder_version=&#8220;4.27.4&#8243; _module_preset=&#8220;9306e4fa-cab0-4b33-99fa-5724d8990224&#8243; header_font=&#8220;|700|||||||&#8220; header_text_color=&#8220;#75787b&#8220; header_font_size=&#8220;80px&#8220; custom_margin=&#8220;||10px||false|false&#8220; hover_enabled=&#8220;0&#8243; header_font_size_tablet=&#8220;60px&#8220; header_font_size_phone=&#8220;48px&#8220; header_font_size_last_edited=&#8220;on|phone&#8220; locked=&#8220;off&#8220; global_colors_info=&#8220;{}&#8220; sticky_enabled=&#8220;0&#8243;]<\/p>\n<h1>Impressum<\/h1>\n<p>[\/et_pb_text][et_pb_image src=&#8220;http:\/\/alpha.planworks.de\/wp-content\/uploads\/2024\/11\/Logo_Planworks_Marke-grau.png&#8220; title_text=&#8220;Logo_Planworks_Marke grau&#8220; show_bottom_space_tablet=&#8220;&#8220; show_bottom_space_phone=&#8220;&#8220; show_bottom_space_last_edited=&#8220;on|phone&#8220; _builder_version=&#8220;4.27.2&#8243; _module_preset=&#8220;default&#8220; width=&#8220;30%&#8220; width_tablet=&#8220;42%&#8220; width_phone=&#8220;66%&#8220; width_last_edited=&#8220;on|phone&#8220; module_alignment=&#8220;left&#8220; custom_margin=&#8220;80px||||false|false&#8220; global_colors_info=&#8220;{}&#8220;][\/et_pb_image][et_pb_text _builder_version=&#8220;4.27.2&#8243; _module_preset=&#8220;default&#8220; text_text_color=&#8220;#75787b&#8220; text_font_size=&#8220;15px&#8220; custom_margin=&#8220;0px||||false|false&#8220; custom_padding=&#8220;0px||||false|false&#8220; global_colors_info=&#8220;{}&#8220;]<\/p>\n<p>Sch\u00f6nbergstra\u00dfe 20<br \/>73760 Ostfildern<br \/>Deutschland<\/p>\n<p>+49 711 91 26 73 30<br \/><a href=\"mailto:dialog@planworks.de\">dialog@planworks.de<\/a><br \/>www.planworks.de<\/p>\n<p>Gesch\u00e4ftsf\u00fchrer \/ Gesch\u00e4ftsf\u00fchrende Gesellschafter:<br \/>Dipl.-Ing. Jochen Reichert  Dipl.-Inf. Shenqiang Wu    <\/p>\n<p>Amtsgericht Stuttgart | HRB 729939<br \/>Steuernummer \/ USt-IDNr. DE265082019  <\/p>\n<p>[\/et_pb_text][\/et_pb_column][\/et_pb_row][\/et_pb_section]<\/p>\n","protected":false},"excerpt":{"rendered":"<p>ImpressumSch\u00f6nbergstra\u00dfe 2073760 OstfildernDeutschland +49 711 91 26 73 30dialog@planworks.dewww.planworks.de Gesch\u00e4ftsf\u00fchrer \/ Gesch\u00e4ftsf\u00fchrende Gesellschafter:Dipl.-Ing. Jochen Reichert Dipl.-Inf. Shenqiang Wu Amtsgericht Stuttgart | HRB 729939Steuernummer \/ USt-IDNr. DE265082019<\/p>\n","protected":false},"author":1,"featured_media":0,"parent":0,"menu_order":0,"comment_status":"closed","ping_status":"closed","template":"","meta":{"_et_pb_use_builder":"on","_et_pb_old_content":"","_et_gb_content_width":"","iawp_total_views":143,"footnotes":""},"class_list":["post-831","page","type-page","status-publish","hentry"],"yoast_head":"<!-- This site is optimized with the Yoast SEO plugin v27.5 - https:\/\/yoast.com\/product\/yoast-seo-wordpress\/ -->\n<title>Impressum - Planworks<\/title>\n<meta name=\"robots\" content=\"index, follow, max-snippet:-1, max-image-preview:large, max-video-preview:-1\" \/>\n<link rel=\"canonical\" href=\"https:\/\/www.planworks.de\/de\/impressum\/\" \/>\n<meta property=\"og:locale\" content=\"de_DE\" \/>\n<meta property=\"og:type\" content=\"article\" \/>\n<meta property=\"og:title\" content=\"Impressum - Planworks\" \/>\n<meta property=\"og:description\" content=\"ImpressumSch\u00f6nbergstra\u00dfe 2073760 OstfildernDeutschland +49 711 91 26 73 30dialog@planworks.dewww.planworks.de Gesch\u00e4ftsf\u00fchrer \/ Gesch\u00e4ftsf\u00fchrende Gesellschafter:Dipl.-Ing. Jochen Reichert Dipl.-Inf. Shenqiang Wu Amtsgericht Stuttgart | HRB 729939Steuernummer \/ USt-IDNr. DE265082019\" \/>\n<meta property=\"og:url\" content=\"https:\/\/www.planworks.de\/de\/impressum\/\" \/>\n<meta property=\"og:site_name\" content=\"Planworks\" \/>\n<meta property=\"article:modified_time\" content=\"2025-02-13T11:47:53+00:00\" \/>\n<meta name=\"twitter:card\" content=\"summary_large_image\" \/>\n<meta name=\"twitter:label1\" content=\"Gesch\u00e4tzte Lesezeit\" \/>\n\t<meta name=\"twitter:data1\" content=\"2\u00a0Minuten\" \/>\n<script type=\"application\/ld+json\" class=\"yoast-schema-graph\">{\"@context\":\"https:\\\/\\\/schema.org\",\"@graph\":[{\"@type\":\"WebPage\",\"@id\":\"https:\\\/\\\/www.planworks.de\\\/de\\\/impressum\\\/\",\"url\":\"https:\\\/\\\/www.planworks.de\\\/de\\\/impressum\\\/\",\"name\":\"Impressum - Planworks\",\"isPartOf\":{\"@id\":\"https:\\\/\\\/www.planworks.de\\\/de\\\/#website\"},\"datePublished\":\"2023-08-24T12:44:32+00:00\",\"dateModified\":\"2025-02-13T11:47:53+00:00\",\"breadcrumb\":{\"@id\":\"https:\\\/\\\/www.planworks.de\\\/de\\\/impressum\\\/#breadcrumb\"},\"inLanguage\":\"de\",\"potentialAction\":[{\"@type\":\"ReadAction\",\"target\":[\"https:\\\/\\\/www.planworks.de\\\/de\\\/impressum\\\/\"]}]},{\"@type\":\"BreadcrumbList\",\"@id\":\"https:\\\/\\\/www.planworks.de\\\/de\\\/impressum\\\/#breadcrumb\",\"itemListElement\":[{\"@type\":\"ListItem\",\"position\":1,\"name\":\"Startseite\",\"item\":\"https:\\\/\\\/www.planworks.de\\\/de\\\/\"},{\"@type\":\"ListItem\",\"position\":2,\"name\":\"Impressum\"}]},{\"@type\":\"WebSite\",\"@id\":\"https:\\\/\\\/www.planworks.de\\\/de\\\/#website\",\"url\":\"https:\\\/\\\/www.planworks.de\\\/de\\\/\",\"name\":\"Planworks\",\"description\":\"BIM Technology\",\"publisher\":{\"@id\":\"https:\\\/\\\/www.planworks.de\\\/de\\\/#organization\"},\"potentialAction\":[{\"@type\":\"SearchAction\",\"target\":{\"@type\":\"EntryPoint\",\"urlTemplate\":\"https:\\\/\\\/www.planworks.de\\\/de\\\/?s={search_term_string}\"},\"query-input\":{\"@type\":\"PropertyValueSpecification\",\"valueRequired\":true,\"valueName\":\"search_term_string\"}}],\"inLanguage\":\"de\"},{\"@type\":\"Organization\",\"@id\":\"https:\\\/\\\/www.planworks.de\\\/de\\\/#organization\",\"name\":\"Planworks\",\"url\":\"https:\\\/\\\/www.planworks.de\\\/de\\\/\",\"logo\":{\"@type\":\"ImageObject\",\"inLanguage\":\"de\",\"@id\":\"https:\\\/\\\/www.planworks.de\\\/de\\\/#\\\/schema\\\/logo\\\/image\\\/\",\"url\":\"http:\\\/\\\/alpha.planworks.de\\\/wp-content\\\/uploads\\\/2023\\\/08\\\/Logo_Planworks.png\",\"contentUrl\":\"http:\\\/\\\/alpha.planworks.de\\\/wp-content\\\/uploads\\\/2023\\\/08\\\/Logo_Planworks.png\",\"width\":3130,\"height\":582,\"caption\":\"Planworks\"},\"image\":{\"@id\":\"https:\\\/\\\/www.planworks.de\\\/de\\\/#\\\/schema\\\/logo\\\/image\\\/\"},\"sameAs\":[\"https:\\\/\\\/www.youtube.com\\\/@planworksgmbh\",\"https:\\\/\\\/www.linkedin.com\\\/company\\\/planworks-gmbh\"]}]}<\/script>\n<!-- \/ Yoast SEO plugin. -->","yoast_head_json":{"title":"Impressum - Planworks","robots":{"index":"index","follow":"follow","max-snippet":"max-snippet:-1","max-image-preview":"max-image-preview:large","max-video-preview":"max-video-preview:-1"},"canonical":"https:\/\/www.planworks.de\/de\/impressum\/","og_locale":"de_DE","og_type":"article","og_title":"Impressum - Planworks","og_description":"ImpressumSch\u00f6nbergstra\u00dfe 2073760 OstfildernDeutschland +49 711 91 26 73 30dialog@planworks.dewww.planworks.de Gesch\u00e4ftsf\u00fchrer \/ Gesch\u00e4ftsf\u00fchrende Gesellschafter:Dipl.-Ing. Jochen Reichert Dipl.-Inf. Shenqiang Wu Amtsgericht Stuttgart | HRB 729939Steuernummer \/ USt-IDNr. DE265082019","og_url":"https:\/\/www.planworks.de\/de\/impressum\/","og_site_name":"Planworks","article_modified_time":"2025-02-13T11:47:53+00:00","twitter_card":"summary_large_image","twitter_misc":{"Gesch\u00e4tzte Lesezeit":"2\u00a0Minuten"},"schema":{"@context":"https:\/\/schema.org","@graph":[{"@type":"WebPage","@id":"https:\/\/www.planworks.de\/de\/impressum\/","url":"https:\/\/www.planworks.de\/de\/impressum\/","name":"Impressum - Planworks","isPartOf":{"@id":"https:\/\/www.planworks.de\/de\/#website"},"datePublished":"2023-08-24T12:44:32+00:00","dateModified":"2025-02-13T11:47:53+00:00","breadcrumb":{"@id":"https:\/\/www.planworks.de\/de\/impressum\/#breadcrumb"},"inLanguage":"de","potentialAction":[{"@type":"ReadAction","target":["https:\/\/www.planworks.de\/de\/impressum\/"]}]},{"@type":"BreadcrumbList","@id":"https:\/\/www.planworks.de\/de\/impressum\/#breadcrumb","itemListElement":[{"@type":"ListItem","position":1,"name":"Startseite","item":"https:\/\/www.planworks.de\/de\/"},{"@type":"ListItem","position":2,"name":"Impressum"}]},{"@type":"WebSite","@id":"https:\/\/www.planworks.de\/de\/#website","url":"https:\/\/www.planworks.de\/de\/","name":"Planworks","description":"BIM Technology","publisher":{"@id":"https:\/\/www.planworks.de\/de\/#organization"},"potentialAction":[{"@type":"SearchAction","target":{"@type":"EntryPoint","urlTemplate":"https:\/\/www.planworks.de\/de\/?s={search_term_string}"},"query-input":{"@type":"PropertyValueSpecification","valueRequired":true,"valueName":"search_term_string"}}],"inLanguage":"de"},{"@type":"Organization","@id":"https:\/\/www.planworks.de\/de\/#organization","name":"Planworks","url":"https:\/\/www.planworks.de\/de\/","logo":{"@type":"ImageObject","inLanguage":"de","@id":"https:\/\/www.planworks.de\/de\/#\/schema\/logo\/image\/","url":"http:\/\/alpha.planworks.de\/wp-content\/uploads\/2023\/08\/Logo_Planworks.png","contentUrl":"http:\/\/alpha.planworks.de\/wp-content\/uploads\/2023\/08\/Logo_Planworks.png","width":3130,"height":582,"caption":"Planworks"},"image":{"@id":"https:\/\/www.planworks.de\/de\/#\/schema\/logo\/image\/"},"sameAs":["https:\/\/www.youtube.com\/@planworksgmbh","https:\/\/www.linkedin.com\/company\/planworks-gmbh"]}]}},"_links":{"self":[{"href":"https:\/\/www.planworks.de\/de\/wp-json\/wp\/v2\/pages\/831","targetHints":{"allow":["GET"]}}],"collection":[{"href":"https:\/\/www.planworks.de\/de\/wp-json\/wp\/v2\/pages"}],"about":[{"href":"https:\/\/www.planworks.de\/de\/wp-json\/wp\/v2\/types\/page"}],"author":[{"embeddable":true,"href":"https:\/\/www.planworks.de\/de\/wp-json\/wp\/v2\/users\/1"}],"replies":[{"embeddable":true,"href":"https:\/\/www.planworks.de\/de\/wp-json\/wp\/v2\/comments?post=831"}],"version-history":[{"count":28,"href":"https:\/\/www.planworks.de\/de\/wp-json\/wp\/v2\/pages\/831\/revisions"}],"predecessor-version":[{"id":2477,"href":"https:\/\/www.planworks.de\/de\/wp-json\/wp\/v2\/pages\/831\/revisions\/2477"}],"wp:attachment":[{"href":"https:\/\/www.planworks.de\/de\/wp-json\/wp\/v2\/media?parent=831"}],"curies":[{"name":"wp","href":"https:\/\/api.w.org\/{rel}","templated":true}]}}