{"id":1696,"date":"2024-09-10T15:27:53","date_gmt":"2024-09-10T13:27:53","guid":{"rendered":"https:\/\/alpha.planworks.de\/fil-dactualite\/"},"modified":"2025-04-15T11:16:53","modified_gmt":"2025-04-15T09:16:53","slug":"fil-dactualite","status":"publish","type":"page","link":"https:\/\/www.planworks.de\/fr\/fil-dactualite\/","title":{"rendered":"Fil d&rsquo;actualit\u00e9"},"content":{"rendered":"<p>[et_pb_section fb_built=\u00a0\u00bb1&Prime; custom_padding_last_edited=\u00a0\u00bbon|tablet\u00a0\u00bb admin_label=\u00a0\u00bbHeader\u00a0\u00bb _builder_version=\u00a0\u00bb4.24.2&Prime; _module_preset=\u00a0\u00bbdefault\u00a0\u00bb background_color=\u00a0\u00bb#FFFFFF\u00a0\u00bb use_background_color_gradient=\u00a0\u00bbon\u00a0\u00bb background_color_gradient_type=\u00a0\u00bbelliptical\u00a0\u00bb background_color_gradient_direction_radial=\u00a0\u00bbright\u00a0\u00bb background_color_gradient_stops=\u00a0\u00bb#0dabe1 0%|rgba(255,255,255,0) 72%\u00a0\u00bb background_size=\u00a0\u00bbinitial\u00a0\u00bb background_position=\u00a0\u00bbtop_center\u00a0\u00bb background_repeat=\u00a0\u00bbrepeat\u00a0\u00bb overflow-x=\u00a0\u00bbhidden\u00a0\u00bb overflow-y=\u00a0\u00bbhidden\u00a0\u00bb custom_margin_tablet=\u00a0\u00bb\u00a0\u00bb custom_margin_phone=\u00a0\u00bb||0px||false|false\u00a0\u00bb custom_margin_last_edited=\u00a0\u00bbon|phone\u00a0\u00bb custom_padding=\u00a0\u00bb130px||1px||false|false\u00a0\u00bb custom_padding_tablet=\u00a0\u00bb0px||0px||false|false\u00a0\u00bb custom_padding_phone=\u00a0\u00bb0px||3px||false|false\u00a0\u00bb collapsed=\u00a0\u00bbon\u00a0\u00bb global_colors_info=\u00a0\u00bb{%22gcid-1bcf785a-50e1-437b-b09f-65567babc1de%22:%91%22background_color_gradient_stops%22%93}\u00a0\u00bb][et_pb_row column_structure=\u00a0\u00bb2_3,1_3&Prime; _builder_version=\u00a0\u00bb4.24.2&Prime; _module_preset=\u00a0\u00bbdefault\u00a0\u00bb custom_margin_tablet=\u00a0\u00bb\u00a0\u00bb custom_margin_phone=\u00a0\u00bb||-20px||false|false\u00a0\u00bb custom_margin_last_edited=\u00a0\u00bbon|phone\u00a0\u00bb custom_padding=\u00a0\u00bb||2px|||\u00a0\u00bb global_colors_info=\u00a0\u00bb{}\u00a0\u00bb][et_pb_column type=\u00a0\u00bb2_3&Prime; _builder_version=\u00a0\u00bb4.19.5&Prime; _module_preset=\u00a0\u00bbdefault\u00a0\u00bb z_index=\u00a0\u00bb10&Prime; global_colors_info=\u00a0\u00bb{}\u00a0\u00bb][et_pb_text _builder_version=\u00a0\u00bb4.24.2&Prime; _module_preset=\u00a0\u00bb9306e4fa-cab0-4b33-99fa-5724d8990224&Prime; header_font=\u00a0\u00bb|700|||||||\u00a0\u00bb header_text_color=\u00a0\u00bb#75787b\u00a0\u00bb header_font_size=\u00a0\u00bb110px\u00a0\u00bb header_letter_spacing=\u00a0\u00bb-3px\u00a0\u00bb custom_margin=\u00a0\u00bb||10px||false|false\u00a0\u00bb custom_margin_tablet=\u00a0\u00bb||10px||false|false\u00a0\u00bb custom_margin_phone=\u00a0\u00bb||10px||false|false\u00a0\u00bb custom_margin_last_edited=\u00a0\u00bbon|tablet\u00a0\u00bb custom_padding=\u00a0\u00bb||||false|false\u00a0\u00bb custom_padding_tablet=\u00a0\u00bb|10vw|||false|false\u00a0\u00bb custom_padding_phone=\u00a0\u00bb|10vw|||false|false\u00a0\u00bb custom_padding_last_edited=\u00a0\u00bbon|tablet\u00a0\u00bb header_font_size_tablet=\u00a0\u00bb65px\u00a0\u00bb header_font_size_phone=\u00a0\u00bb50px\u00a0\u00bb header_font_size_last_edited=\u00a0\u00bbon|phone\u00a0\u00bb locked=\u00a0\u00bboff\u00a0\u00bb global_colors_info=\u00a0\u00bb{}\u00a0\u00bb]<\/p>\n<h1>Fil d&rsquo;actualit\u00e9<\/h1>\n<p>[\/et_pb_text][et_pb_text _builder_version=\u00a0\u00bb4.27.4&Prime; _module_preset=\u00a0\u00bb392b32e1-068e-4ddc-94b5-db7a255c5f30&Prime; text_text_color=\u00a0\u00bb#0dabe1&Prime; max_width_tablet=\u00a0\u00bb\u00a0\u00bb max_width_phone=\u00a0\u00bb290px\u00a0\u00bb max_width_last_edited=\u00a0\u00bbon|phone\u00a0\u00bb custom_margin=\u00a0\u00bb30px||3px||false|false\u00a0\u00bb custom_margin_tablet=\u00a0\u00bb0px||-1px||false|false\u00a0\u00bb custom_margin_phone=\u00a0\u00bb0px||-1px||false|false\u00a0\u00bb custom_margin_last_edited=\u00a0\u00bbon|tablet\u00a0\u00bb global_colors_info=\u00a0\u00bb{}\u00a0\u00bb]<\/p>\n<p><strong>RESTEZ INFORM\u00c9 DE NOS NOUVELLES ET DE NOS D\u00c9VELOPPEMENTS<\/strong><\/p>\n<p>[\/et_pb_text][et_pb_text _builder_version=\u00a0\u00bb4.27.4&Prime; _module_preset=\u00a0\u00bb392b32e1-068e-4ddc-94b5-db7a255c5f30&Prime; text_text_color=\u00a0\u00bb#000000&Prime; max_width=\u00a0\u00bb630px\u00a0\u00bb max_width_tablet=\u00a0\u00bb560px\u00a0\u00bb max_width_phone=\u00a0\u00bb560px\u00a0\u00bb max_width_last_edited=\u00a0\u00bbon|tablet\u00a0\u00bb custom_margin=\u00a0\u00bb||-1px||false|false\u00a0\u00bb custom_margin_tablet=\u00a0\u00bb||80px||false|false\u00a0\u00bb custom_margin_phone=\u00a0\u00bb||40px||false|false\u00a0\u00bb custom_margin_last_edited=\u00a0\u00bbon|tablet\u00a0\u00bb custom_padding_tablet=\u00a0\u00bb|13vw|||false|false\u00a0\u00bb custom_padding_phone=\u00a0\u00bb|9vw|||false|false\u00a0\u00bb custom_padding_last_edited=\u00a0\u00bbon|phone\u00a0\u00bb global_colors_info=\u00a0\u00bb{}\u00a0\u00bb]<\/p>\n<p>Lisez les exp\u00e9riences personnelles de nos clients dans le processus de mise en \u0153uvre et l&rsquo;utilisation quotidienne de Tableaux pour Revit et restez inform\u00e9 de nos derni\u00e8res nouvelles et d\u00e9veloppements logiciels !<\/p>\n<p>[\/et_pb_text][\/et_pb_column][et_pb_column type=\u00a0\u00bb1_3&Prime; _builder_version=\u00a0\u00bb4.19.2&Prime; _module_preset=\u00a0\u00bbdefault\u00a0\u00bb global_colors_info=\u00a0\u00bb{}\u00a0\u00bb][et_pb_image src=\u00a0\u00bbhttp:\/\/alpha.planworks.de\/wp-content\/uploads\/2023\/08\/Website_Icons_News.png\u00a0\u00bb title_text=\u00a0\u00bbwebsite-icons-news\u00a0\u00bb align_tablet=\u00a0\u00bbright\u00a0\u00bb align_phone=\u00a0\u00bbright\u00a0\u00bb align_last_edited=\u00a0\u00bbon|tablet\u00a0\u00bb _builder_version=\u00a0\u00bb4.27.4&Prime; _module_preset=\u00a0\u00bbdefault\u00a0\u00bb width_tablet=\u00a0\u00bb70%\u00a0\u00bb width_phone=\u00a0\u00bb100%\u00a0\u00bb width_last_edited=\u00a0\u00bbon|tablet\u00a0\u00bb module_alignment=\u00a0\u00bbleft\u00a0\u00bb custom_margin=\u00a0\u00bb-40%|||-50%|false|false\u00a0\u00bb custom_margin_tablet=\u00a0\u00bb-40%|||33%|false|false\u00a0\u00bb custom_margin_phone=\u00a0\u00bb-90%|||15%|false|false\u00a0\u00bb custom_margin_last_edited=\u00a0\u00bbon|phone\u00a0\u00bb custom_padding=\u00a0\u00bb||||false|false\u00a0\u00bb custom_padding_tablet=\u00a0\u00bb|||20vw|false|false\u00a0\u00bb custom_padding_phone=\u00a0\u00bb|18px||25vw|false|false\u00a0\u00bb custom_padding_last_edited=\u00a0\u00bbon|phone\u00a0\u00bb scroll_vertical_motion=\u00a0\u00bb0|50|50|100|-1|0|1&Prime; scroll_scaling=\u00a0\u00bb0|50|50|100|100%|100|70%\u00a0\u00bb module_alignment_tablet=\u00a0\u00bbright\u00a0\u00bb module_alignment_phone=\u00a0\u00bbright\u00a0\u00bb module_alignment_last_edited=\u00a0\u00bbon|tablet\u00a0\u00bb global_colors_info=\u00a0\u00bb{}\u00a0\u00bb][\/et_pb_image][\/et_pb_column][\/et_pb_row][\/et_pb_section][et_pb_section fb_built=\u00a0\u00bb1&Prime; custom_padding_last_edited=\u00a0\u00bbon|tablet\u00a0\u00bb admin_label=\u00a0\u00bbFeatures\u00a0\u00bb module_id=\u00a0\u00bbaproposdenous\u00a0\u00bb _builder_version=\u00a0\u00bb4.24.2&Prime; _module_preset=\u00a0\u00bbdefault\u00a0\u00bb background_color=\u00a0\u00bb#FFFFFF\u00a0\u00bb use_background_color_gradient=\u00a0\u00bbon\u00a0\u00bb background_color_gradient_stops=\u00a0\u00bbrgba(255,255,255,0) 35%|rgba(13,171,225,0.15) 100%\u00a0\u00bb background_color_gradient_overlays_image=\u00a0\u00bbon\u00a0\u00bb background_image=\u00a0\u00bbhttp:\/\/alpha.planworks.de\/wp-content\/uploads\/2023\/08\/planworks-picture-1.png\u00a0\u00bb background_size=\u00a0\u00bbinitial\u00a0\u00bb background_position=\u00a0\u00bbtop_center\u00a0\u00bb custom_margin_tablet=\u00a0\u00bb0px||||false|false\u00a0\u00bb custom_margin_phone=\u00a0\u00bb0px||-10vw||false|false\u00a0\u00bb custom_margin_last_edited=\u00a0\u00bbon|tablet\u00a0\u00bb custom_padding=\u00a0\u00bb50px||110px|||\u00a0\u00bb custom_padding_tablet=\u00a0\u00bb50px||100px||false|false\u00a0\u00bb custom_padding_phone=\u00a0\u00bb0px||100px||false|false\u00a0\u00bb collapsed=\u00a0\u00bbon\u00a0\u00bb global_colors_info=\u00a0\u00bb{}\u00a0\u00bb][et_pb_row _builder_version=\u00a0\u00bb4.27.2&Prime; _module_preset=\u00a0\u00bbdefault\u00a0\u00bb custom_margin=\u00a0\u00bb||||false|false\u00a0\u00bb custom_padding=\u00a0\u00bb||||false|false\u00a0\u00bb global_colors_info=\u00a0\u00bb{}\u00a0\u00bb][et_pb_column type=\u00a0\u00bb4_4&Prime; _builder_version=\u00a0\u00bb4.25.2&Prime; _module_preset=\u00a0\u00bbdefault\u00a0\u00bb global_colors_info=\u00a0\u00bb{}\u00a0\u00bb][et_pb_blog include_categories=\u00a0\u00bball\u00a0\u00bb show_more=\u00a0\u00bbon\u00a0\u00bb show_author=\u00a0\u00bboff\u00a0\u00bb _builder_version=\u00a0\u00bb4.27.4&Prime; _module_preset=\u00a0\u00bbdefault\u00a0\u00bb header_line_height=\u00a0\u00bb1.5em\u00a0\u00bb background_color=\u00a0\u00bbRGBA(255,255,255,0)\u00a0\u00bb custom_margin=\u00a0\u00bb|||0px|false|false\u00a0\u00bb custom_padding=\u00a0\u00bb||||false|false\u00a0\u00bb custom_padding_tablet=\u00a0\u00bb15px|15px|15px|15px|false|false\u00a0\u00bb custom_padding_phone=\u00a0\u00bb15px|15px|15px|15px|false|false\u00a0\u00bb custom_padding_last_edited=\u00a0\u00bbon|phone\u00a0\u00bb border_width_all=\u00a0\u00bb0px\u00a0\u00bb border_style_all_image=\u00a0\u00bbnone\u00a0\u00bb global_colors_info=\u00a0\u00bb{}\u00a0\u00bb][\/et_pb_blog][\/et_pb_column][\/et_pb_row][\/et_pb_section]<\/p>\n","protected":false},"excerpt":{"rendered":"<p>Fil d&rsquo;actualit\u00e9RESTEZ INFORM\u00c9 DE NOS NOUVELLES ET DE NOS D\u00c9VELOPPEMENTSLisez les exp\u00e9riences personnelles de nos clients dans le processus de mise en \u0153uvre et l&rsquo;utilisation quotidienne de Tableaux pour Revit et restez inform\u00e9 de nos derni\u00e8res nouvelles et d\u00e9veloppements logiciels !<\/p>\n","protected":false},"author":1,"featured_media":0,"parent":0,"menu_order":0,"comment_status":"closed","ping_status":"closed","template":"","meta":{"_et_pb_use_builder":"on","_et_pb_old_content":"","_et_gb_content_width":"","iawp_total_views":30,"footnotes":""},"class_list":["post-1696","page","type-page","status-publish","hentry"],"yoast_head":"<!-- This site is optimized with the Yoast SEO plugin v27.3 - https:\/\/yoast.com\/product\/yoast-seo-wordpress\/ -->\n<title>Fil d&#039;actualit\u00e9 - Planworks<\/title>\n<meta name=\"robots\" content=\"index, follow, max-snippet:-1, max-image-preview:large, max-video-preview:-1\" \/>\n<link rel=\"canonical\" href=\"https:\/\/www.planworks.de\/fr\/fil-dactualite\/\" \/>\n<meta property=\"og:locale\" content=\"fr_FR\" \/>\n<meta property=\"og:type\" content=\"article\" \/>\n<meta property=\"og:title\" content=\"Fil d&#039;actualit\u00e9 - Planworks\" \/>\n<meta property=\"og:description\" content=\"Fil d&#039;actualit\u00e9RESTEZ INFORM\u00c9 DE NOS NOUVELLES ET DE NOS D\u00c9VELOPPEMENTSLisez les exp\u00e9riences personnelles de nos clients dans le processus de mise en \u0153uvre et l&#039;utilisation quotidienne de Tableaux pour Revit et restez inform\u00e9 de nos derni\u00e8res nouvelles et d\u00e9veloppements logiciels !\" \/>\n<meta property=\"og:url\" content=\"https:\/\/www.planworks.de\/fr\/fil-dactualite\/\" \/>\n<meta property=\"og:site_name\" content=\"Planworks\" \/>\n<meta property=\"article:modified_time\" content=\"2025-04-15T09:16:53+00:00\" \/>\n<meta name=\"twitter:card\" content=\"summary_large_image\" \/>\n<meta name=\"twitter:label1\" content=\"Dur\u00e9e de lecture estim\u00e9e\" \/>\n\t<meta name=\"twitter:data1\" content=\"4 minutes\" \/>\n<script type=\"application\/ld+json\" class=\"yoast-schema-graph\">{\"@context\":\"https:\\\/\\\/schema.org\",\"@graph\":[{\"@type\":\"WebPage\",\"@id\":\"https:\\\/\\\/www.planworks.de\\\/fr\\\/fil-dactualite\\\/\",\"url\":\"https:\\\/\\\/www.planworks.de\\\/fr\\\/fil-dactualite\\\/\",\"name\":\"Fil d'actualit\u00e9 - Planworks\",\"isPartOf\":{\"@id\":\"https:\\\/\\\/www.planworks.de\\\/fr\\\/#website\"},\"datePublished\":\"2024-09-10T13:27:53+00:00\",\"dateModified\":\"2025-04-15T09:16:53+00:00\",\"breadcrumb\":{\"@id\":\"https:\\\/\\\/www.planworks.de\\\/fr\\\/fil-dactualite\\\/#breadcrumb\"},\"inLanguage\":\"fr-FR\",\"potentialAction\":[{\"@type\":\"ReadAction\",\"target\":[\"https:\\\/\\\/www.planworks.de\\\/fr\\\/fil-dactualite\\\/\"]}]},{\"@type\":\"BreadcrumbList\",\"@id\":\"https:\\\/\\\/www.planworks.de\\\/fr\\\/fil-dactualite\\\/#breadcrumb\",\"itemListElement\":[{\"@type\":\"ListItem\",\"position\":1,\"name\":\"Startseite\",\"item\":\"https:\\\/\\\/www.planworks.de\\\/fr\\\/\"},{\"@type\":\"ListItem\",\"position\":2,\"name\":\"Fil d&rsquo;actualit\u00e9\"}]},{\"@type\":\"WebSite\",\"@id\":\"https:\\\/\\\/www.planworks.de\\\/fr\\\/#website\",\"url\":\"https:\\\/\\\/www.planworks.de\\\/fr\\\/\",\"name\":\"Planworks\",\"description\":\"BIM Technology\",\"publisher\":{\"@id\":\"https:\\\/\\\/www.planworks.de\\\/fr\\\/#organization\"},\"potentialAction\":[{\"@type\":\"SearchAction\",\"target\":{\"@type\":\"EntryPoint\",\"urlTemplate\":\"https:\\\/\\\/www.planworks.de\\\/fr\\\/?s={search_term_string}\"},\"query-input\":{\"@type\":\"PropertyValueSpecification\",\"valueRequired\":true,\"valueName\":\"search_term_string\"}}],\"inLanguage\":\"fr-FR\"},{\"@type\":\"Organization\",\"@id\":\"https:\\\/\\\/www.planworks.de\\\/fr\\\/#organization\",\"name\":\"Planworks\",\"url\":\"https:\\\/\\\/www.planworks.de\\\/fr\\\/\",\"logo\":{\"@type\":\"ImageObject\",\"inLanguage\":\"fr-FR\",\"@id\":\"https:\\\/\\\/www.planworks.de\\\/fr\\\/#\\\/schema\\\/logo\\\/image\\\/\",\"url\":\"http:\\\/\\\/alpha.planworks.de\\\/wp-content\\\/uploads\\\/2023\\\/08\\\/Logo_Planworks.png\",\"contentUrl\":\"http:\\\/\\\/alpha.planworks.de\\\/wp-content\\\/uploads\\\/2023\\\/08\\\/Logo_Planworks.png\",\"width\":3130,\"height\":582,\"caption\":\"Planworks\"},\"image\":{\"@id\":\"https:\\\/\\\/www.planworks.de\\\/fr\\\/#\\\/schema\\\/logo\\\/image\\\/\"},\"sameAs\":[\"https:\\\/\\\/www.youtube.com\\\/@planworksgmbh\",\"https:\\\/\\\/www.linkedin.com\\\/company\\\/planworks-gmbh\"]}]}<\/script>\n<!-- \/ Yoast SEO plugin. -->","yoast_head_json":{"title":"Fil d'actualit\u00e9 - Planworks","robots":{"index":"index","follow":"follow","max-snippet":"max-snippet:-1","max-image-preview":"max-image-preview:large","max-video-preview":"max-video-preview:-1"},"canonical":"https:\/\/www.planworks.de\/fr\/fil-dactualite\/","og_locale":"fr_FR","og_type":"article","og_title":"Fil d'actualit\u00e9 - Planworks","og_description":"Fil d'actualit\u00e9RESTEZ INFORM\u00c9 DE NOS NOUVELLES ET DE NOS D\u00c9VELOPPEMENTSLisez les exp\u00e9riences personnelles de nos clients dans le processus de mise en \u0153uvre et l'utilisation quotidienne de Tableaux pour Revit et restez inform\u00e9 de nos derni\u00e8res nouvelles et d\u00e9veloppements logiciels !","og_url":"https:\/\/www.planworks.de\/fr\/fil-dactualite\/","og_site_name":"Planworks","article_modified_time":"2025-04-15T09:16:53+00:00","twitter_card":"summary_large_image","twitter_misc":{"Dur\u00e9e de lecture estim\u00e9e":"4 minutes"},"schema":{"@context":"https:\/\/schema.org","@graph":[{"@type":"WebPage","@id":"https:\/\/www.planworks.de\/fr\/fil-dactualite\/","url":"https:\/\/www.planworks.de\/fr\/fil-dactualite\/","name":"Fil d'actualit\u00e9 - Planworks","isPartOf":{"@id":"https:\/\/www.planworks.de\/fr\/#website"},"datePublished":"2024-09-10T13:27:53+00:00","dateModified":"2025-04-15T09:16:53+00:00","breadcrumb":{"@id":"https:\/\/www.planworks.de\/fr\/fil-dactualite\/#breadcrumb"},"inLanguage":"fr-FR","potentialAction":[{"@type":"ReadAction","target":["https:\/\/www.planworks.de\/fr\/fil-dactualite\/"]}]},{"@type":"BreadcrumbList","@id":"https:\/\/www.planworks.de\/fr\/fil-dactualite\/#breadcrumb","itemListElement":[{"@type":"ListItem","position":1,"name":"Startseite","item":"https:\/\/www.planworks.de\/fr\/"},{"@type":"ListItem","position":2,"name":"Fil d&rsquo;actualit\u00e9"}]},{"@type":"WebSite","@id":"https:\/\/www.planworks.de\/fr\/#website","url":"https:\/\/www.planworks.de\/fr\/","name":"Planworks","description":"BIM Technology","publisher":{"@id":"https:\/\/www.planworks.de\/fr\/#organization"},"potentialAction":[{"@type":"SearchAction","target":{"@type":"EntryPoint","urlTemplate":"https:\/\/www.planworks.de\/fr\/?s={search_term_string}"},"query-input":{"@type":"PropertyValueSpecification","valueRequired":true,"valueName":"search_term_string"}}],"inLanguage":"fr-FR"},{"@type":"Organization","@id":"https:\/\/www.planworks.de\/fr\/#organization","name":"Planworks","url":"https:\/\/www.planworks.de\/fr\/","logo":{"@type":"ImageObject","inLanguage":"fr-FR","@id":"https:\/\/www.planworks.de\/fr\/#\/schema\/logo\/image\/","url":"http:\/\/alpha.planworks.de\/wp-content\/uploads\/2023\/08\/Logo_Planworks.png","contentUrl":"http:\/\/alpha.planworks.de\/wp-content\/uploads\/2023\/08\/Logo_Planworks.png","width":3130,"height":582,"caption":"Planworks"},"image":{"@id":"https:\/\/www.planworks.de\/fr\/#\/schema\/logo\/image\/"},"sameAs":["https:\/\/www.youtube.com\/@planworksgmbh","https:\/\/www.linkedin.com\/company\/planworks-gmbh"]}]}},"_links":{"self":[{"href":"https:\/\/www.planworks.de\/fr\/wp-json\/wp\/v2\/pages\/1696","targetHints":{"allow":["GET"]}}],"collection":[{"href":"https:\/\/www.planworks.de\/fr\/wp-json\/wp\/v2\/pages"}],"about":[{"href":"https:\/\/www.planworks.de\/fr\/wp-json\/wp\/v2\/types\/page"}],"author":[{"embeddable":true,"href":"https:\/\/www.planworks.de\/fr\/wp-json\/wp\/v2\/users\/1"}],"replies":[{"embeddable":true,"href":"https:\/\/www.planworks.de\/fr\/wp-json\/wp\/v2\/comments?post=1696"}],"version-history":[{"count":12,"href":"https:\/\/www.planworks.de\/fr\/wp-json\/wp\/v2\/pages\/1696\/revisions"}],"predecessor-version":[{"id":2798,"href":"https:\/\/www.planworks.de\/fr\/wp-json\/wp\/v2\/pages\/1696\/revisions\/2798"}],"wp:attachment":[{"href":"https:\/\/www.planworks.de\/fr\/wp-json\/wp\/v2\/media?parent=1696"}],"curies":[{"name":"wp","href":"https:\/\/api.w.org\/{rel}","templated":true}]}}