{"id":819,"date":"2023-08-24T14:44:32","date_gmt":"2023-08-24T12:44:32","guid":{"rendered":"http:\/\/alpha.planworks.de\/impression\/"},"modified":"2025-01-14T11:23:06","modified_gmt":"2025-01-14T11:23:06","slug":"impression","status":"publish","type":"page","link":"https:\/\/www.planworks.de\/fr\/impression\/","title":{"rendered":"Impression"},"content":{"rendered":"<p>[et_pb_section fb_built=\u00a0\u00bb1&Prime; custom_padding_last_edited=\u00a0\u00bbon|phone\u00a0\u00bb admin_label=\u00a0\u00bbHeader\u00a0\u00bb _builder_version=\u00a0\u00bb4.24.2&Prime; _module_preset=\u00a0\u00bbdefault\u00a0\u00bb background_color=\u00a0\u00bb#FFFFFF\u00a0\u00bb use_background_color_gradient=\u00a0\u00bbon\u00a0\u00bb background_color_gradient_type=\u00a0\u00bbelliptical\u00a0\u00bb background_color_gradient_direction_radial=\u00a0\u00bbright\u00a0\u00bb background_color_gradient_stops=\u00a0\u00bbrgba(13,171,225,0.15) 0%|rgba(255,255,255,0) 72%\u00a0\u00bb background_size=\u00a0\u00bbinitial\u00a0\u00bb background_position=\u00a0\u00bbtop_center\u00a0\u00bb background_repeat=\u00a0\u00bbrepeat\u00a0\u00bb overflow-x=\u00a0\u00bbhidden\u00a0\u00bb overflow-y=\u00a0\u00bbhidden\u00a0\u00bb custom_padding=\u00a0\u00bb110px||2px||false|false\u00a0\u00bb custom_padding_tablet=\u00a0\u00bb4px||0px||false|false\u00a0\u00bb custom_padding_phone=\u00a0\u00bb2px||1px||false|false\u00a0\u00bb da_disable_devices=\u00a0\u00bboff|off|off\u00a0\u00bb collapsed=\u00a0\u00bbon\u00a0\u00bb global_colors_info=\u00a0\u00bb{%22gcid-1bcf785a-50e1-437b-b09f-65567babc1de%22:%91%22background_color_gradient_stops%22%93}\u00a0\u00bb da_is_popup=\u00a0\u00bboff\u00a0\u00bb da_exit_intent=\u00a0\u00bboff\u00a0\u00bb da_has_close=\u00a0\u00bbon\u00a0\u00bb da_alt_close=\u00a0\u00bboff\u00a0\u00bb da_dark_close=\u00a0\u00bboff\u00a0\u00bb da_not_modal=\u00a0\u00bbon\u00a0\u00bb da_is_singular=\u00a0\u00bboff\u00a0\u00bb da_with_loader=\u00a0\u00bboff\u00a0\u00bb da_has_shadow=\u00a0\u00bbon\u00a0\u00bb][et_pb_row _builder_version=\u00a0\u00bb4.19.5&Prime; _module_preset=\u00a0\u00bbdefault\u00a0\u00bb custom_padding=\u00a0\u00bb6px||75px|||\u00a0\u00bb global_colors_info=\u00a0\u00bb{}\u00a0\u00bb][et_pb_column type=\u00a0\u00bb4_4&Prime; _builder_version=\u00a0\u00bb4.19.5&Prime; _module_preset=\u00a0\u00bbdefault\u00a0\u00bb z_index=\u00a0\u00bb10&Prime; global_colors_info=\u00a0\u00bb{}\u00a0\u00bb][et_pb_text _builder_version=\u00a0\u00bb4.24.2&Prime; _module_preset=\u00a0\u00bb9306e4fa-cab0-4b33-99fa-5724d8990224&Prime; header_font=\u00a0\u00bb|700|||||||\u00a0\u00bb header_text_color=\u00a0\u00bb#75787b\u00a0\u00bb header_font_size=\u00a0\u00bb80px\u00a0\u00bb custom_margin=\u00a0\u00bb||10px||false|false\u00a0\u00bb header_font_size_tablet=\u00a0\u00bb60px\u00a0\u00bb header_font_size_phone=\u00a0\u00bb50px\u00a0\u00bb header_font_size_last_edited=\u00a0\u00bbon|phone\u00a0\u00bb locked=\u00a0\u00bboff\u00a0\u00bb global_colors_info=\u00a0\u00bb{}\u00a0\u00bb]<\/p>\n<h1>Impression<\/h1>\n<p>[\/et_pb_text][et_pb_image src=\u00a0\u00bbhttp:\/\/alpha.planworks.de\/wp-content\/uploads\/2024\/11\/Logo_Planworks_Marke-grau.png\u00a0\u00bb title_text=\u00a0\u00bbLogo_Planworks_Marke grau\u00a0\u00bb show_bottom_space_tablet=\u00a0\u00bb\u00a0\u00bb show_bottom_space_phone=\u00a0\u00bb\u00a0\u00bb show_bottom_space_last_edited=\u00a0\u00bbon|phone\u00a0\u00bb _builder_version=\u00a0\u00bb4.27.2&Prime; _module_preset=\u00a0\u00bbdefault\u00a0\u00bb width=\u00a0\u00bb30%\u00a0\u00bb width_tablet=\u00a0\u00bb42%\u00a0\u00bb width_phone=\u00a0\u00bb66%\u00a0\u00bb width_last_edited=\u00a0\u00bbon|phone\u00a0\u00bb module_alignment=\u00a0\u00bbleft\u00a0\u00bb custom_margin=\u00a0\u00bb80px||||false|false\u00a0\u00bb global_colors_info=\u00a0\u00bb{}\u00a0\u00bb][\/et_pb_image][et_pb_text _builder_version=\u00a0\u00bb4.27.2&Prime; _module_preset=\u00a0\u00bbdefault\u00a0\u00bb text_text_color=\u00a0\u00bb#75787b\u00a0\u00bb text_font_size=\u00a0\u00bb15px\u00a0\u00bb custom_margin=\u00a0\u00bb0px||||false|false\u00a0\u00bb custom_padding=\u00a0\u00bb0px||||false|false\u00a0\u00bb global_colors_info=\u00a0\u00bb{}\u00a0\u00bb]<\/p>\n<p>Sch\u00f6nbergstra\u00dfe 20<br \/>73760 Ostfildern<br \/>Allemagne<\/p>\n<p>+49 711 91 26 73 30<br \/><a href=\"mailto:dialog@planworks.de\">dialog@planworks.de<\/a><br \/>www.planworks.de<\/p>\n<p>Directeurs g\u00e9n\u00e9raux \/ Associ\u00e9s dirigeants:<br \/>Dipl. Eng. Jochen Reichert Dipl. Inf. Shenqiang Wu    <\/p>\n<p>Tribunal local de Stuttgart | HRB 729939 <br \/>Num\u00e9ro de TVA \/ USt-IDNr. DE265082019  <\/p>\n<p>[\/et_pb_text][\/et_pb_column][\/et_pb_row][\/et_pb_section]<\/p>\n","protected":false},"excerpt":{"rendered":"<p>ImpressionSch\u00f6nbergstra\u00dfe 2073760 OstfildernAllemagne +49 711 91 26 73 30dialog@planworks.dewww.planworks.de Directeurs g\u00e9n\u00e9raux \/ Associ\u00e9s dirigeants:Dipl. Eng. Jochen Reichert Dipl. Inf. Shenqiang Wu Tribunal local de Stuttgart | HRB 729939 Num\u00e9ro de TVA \/ USt-IDNr. DE265082019<\/p>\n","protected":false},"author":1,"featured_media":0,"parent":0,"menu_order":0,"comment_status":"closed","ping_status":"closed","template":"","meta":{"_et_pb_use_builder":"on","_et_pb_old_content":"","_et_gb_content_width":"","iawp_total_views":11,"footnotes":""},"class_list":["post-819","page","type-page","status-publish","hentry"],"yoast_head":"<!-- This site is optimized with the Yoast SEO plugin v27.4 - https:\/\/yoast.com\/product\/yoast-seo-wordpress\/ -->\n<title>Impression - Planworks<\/title>\n<meta name=\"robots\" content=\"index, follow, max-snippet:-1, max-image-preview:large, max-video-preview:-1\" \/>\n<link rel=\"canonical\" href=\"https:\/\/www.planworks.de\/fr\/impression\/\" \/>\n<meta property=\"og:locale\" content=\"fr_FR\" \/>\n<meta property=\"og:type\" content=\"article\" \/>\n<meta property=\"og:title\" content=\"Impression - Planworks\" \/>\n<meta property=\"og:description\" content=\"ImpressionSch\u00f6nbergstra\u00dfe 2073760 OstfildernAllemagne +49 711 91 26 73 30dialog@planworks.dewww.planworks.de Directeurs g\u00e9n\u00e9raux \/ Associ\u00e9s dirigeants:Dipl. Eng. Jochen Reichert Dipl. Inf. Shenqiang Wu Tribunal local de Stuttgart | HRB 729939 Num\u00e9ro de TVA \/ USt-IDNr. DE265082019\" \/>\n<meta property=\"og:url\" content=\"https:\/\/www.planworks.de\/fr\/impression\/\" \/>\n<meta property=\"og:site_name\" content=\"Planworks\" \/>\n<meta property=\"article:modified_time\" content=\"2025-01-14T11:23:06+00:00\" \/>\n<meta name=\"twitter:card\" content=\"summary_large_image\" \/>\n<meta name=\"twitter:label1\" content=\"Dur\u00e9e de lecture estim\u00e9e\" \/>\n\t<meta name=\"twitter:data1\" content=\"2 minutes\" \/>\n<script type=\"application\/ld+json\" class=\"yoast-schema-graph\">{\"@context\":\"https:\\\/\\\/schema.org\",\"@graph\":[{\"@type\":\"WebPage\",\"@id\":\"https:\\\/\\\/www.planworks.de\\\/fr\\\/impression\\\/\",\"url\":\"https:\\\/\\\/www.planworks.de\\\/fr\\\/impression\\\/\",\"name\":\"Impression - Planworks\",\"isPartOf\":{\"@id\":\"https:\\\/\\\/www.planworks.de\\\/fr\\\/#website\"},\"datePublished\":\"2023-08-24T12:44:32+00:00\",\"dateModified\":\"2025-01-14T11:23:06+00:00\",\"breadcrumb\":{\"@id\":\"https:\\\/\\\/www.planworks.de\\\/fr\\\/impression\\\/#breadcrumb\"},\"inLanguage\":\"fr-FR\",\"potentialAction\":[{\"@type\":\"ReadAction\",\"target\":[\"https:\\\/\\\/www.planworks.de\\\/fr\\\/impression\\\/\"]}]},{\"@type\":\"BreadcrumbList\",\"@id\":\"https:\\\/\\\/www.planworks.de\\\/fr\\\/impression\\\/#breadcrumb\",\"itemListElement\":[{\"@type\":\"ListItem\",\"position\":1,\"name\":\"Startseite\",\"item\":\"https:\\\/\\\/www.planworks.de\\\/fr\\\/\"},{\"@type\":\"ListItem\",\"position\":2,\"name\":\"Impression\"}]},{\"@type\":\"WebSite\",\"@id\":\"https:\\\/\\\/www.planworks.de\\\/fr\\\/#website\",\"url\":\"https:\\\/\\\/www.planworks.de\\\/fr\\\/\",\"name\":\"Planworks\",\"description\":\"BIM Technology\",\"publisher\":{\"@id\":\"https:\\\/\\\/www.planworks.de\\\/fr\\\/#organization\"},\"potentialAction\":[{\"@type\":\"SearchAction\",\"target\":{\"@type\":\"EntryPoint\",\"urlTemplate\":\"https:\\\/\\\/www.planworks.de\\\/fr\\\/?s={search_term_string}\"},\"query-input\":{\"@type\":\"PropertyValueSpecification\",\"valueRequired\":true,\"valueName\":\"search_term_string\"}}],\"inLanguage\":\"fr-FR\"},{\"@type\":\"Organization\",\"@id\":\"https:\\\/\\\/www.planworks.de\\\/fr\\\/#organization\",\"name\":\"Planworks\",\"url\":\"https:\\\/\\\/www.planworks.de\\\/fr\\\/\",\"logo\":{\"@type\":\"ImageObject\",\"inLanguage\":\"fr-FR\",\"@id\":\"https:\\\/\\\/www.planworks.de\\\/fr\\\/#\\\/schema\\\/logo\\\/image\\\/\",\"url\":\"http:\\\/\\\/alpha.planworks.de\\\/wp-content\\\/uploads\\\/2023\\\/08\\\/Logo_Planworks.png\",\"contentUrl\":\"http:\\\/\\\/alpha.planworks.de\\\/wp-content\\\/uploads\\\/2023\\\/08\\\/Logo_Planworks.png\",\"width\":3130,\"height\":582,\"caption\":\"Planworks\"},\"image\":{\"@id\":\"https:\\\/\\\/www.planworks.de\\\/fr\\\/#\\\/schema\\\/logo\\\/image\\\/\"},\"sameAs\":[\"https:\\\/\\\/www.youtube.com\\\/@planworksgmbh\",\"https:\\\/\\\/www.linkedin.com\\\/company\\\/planworks-gmbh\"]}]}<\/script>\n<!-- \/ Yoast SEO plugin. -->","yoast_head_json":{"title":"Impression - Planworks","robots":{"index":"index","follow":"follow","max-snippet":"max-snippet:-1","max-image-preview":"max-image-preview:large","max-video-preview":"max-video-preview:-1"},"canonical":"https:\/\/www.planworks.de\/fr\/impression\/","og_locale":"fr_FR","og_type":"article","og_title":"Impression - Planworks","og_description":"ImpressionSch\u00f6nbergstra\u00dfe 2073760 OstfildernAllemagne +49 711 91 26 73 30dialog@planworks.dewww.planworks.de Directeurs g\u00e9n\u00e9raux \/ Associ\u00e9s dirigeants:Dipl. Eng. Jochen Reichert Dipl. Inf. Shenqiang Wu Tribunal local de Stuttgart | HRB 729939 Num\u00e9ro de TVA \/ USt-IDNr. DE265082019","og_url":"https:\/\/www.planworks.de\/fr\/impression\/","og_site_name":"Planworks","article_modified_time":"2025-01-14T11:23:06+00:00","twitter_card":"summary_large_image","twitter_misc":{"Dur\u00e9e de lecture estim\u00e9e":"2 minutes"},"schema":{"@context":"https:\/\/schema.org","@graph":[{"@type":"WebPage","@id":"https:\/\/www.planworks.de\/fr\/impression\/","url":"https:\/\/www.planworks.de\/fr\/impression\/","name":"Impression - Planworks","isPartOf":{"@id":"https:\/\/www.planworks.de\/fr\/#website"},"datePublished":"2023-08-24T12:44:32+00:00","dateModified":"2025-01-14T11:23:06+00:00","breadcrumb":{"@id":"https:\/\/www.planworks.de\/fr\/impression\/#breadcrumb"},"inLanguage":"fr-FR","potentialAction":[{"@type":"ReadAction","target":["https:\/\/www.planworks.de\/fr\/impression\/"]}]},{"@type":"BreadcrumbList","@id":"https:\/\/www.planworks.de\/fr\/impression\/#breadcrumb","itemListElement":[{"@type":"ListItem","position":1,"name":"Startseite","item":"https:\/\/www.planworks.de\/fr\/"},{"@type":"ListItem","position":2,"name":"Impression"}]},{"@type":"WebSite","@id":"https:\/\/www.planworks.de\/fr\/#website","url":"https:\/\/www.planworks.de\/fr\/","name":"Planworks","description":"BIM Technology","publisher":{"@id":"https:\/\/www.planworks.de\/fr\/#organization"},"potentialAction":[{"@type":"SearchAction","target":{"@type":"EntryPoint","urlTemplate":"https:\/\/www.planworks.de\/fr\/?s={search_term_string}"},"query-input":{"@type":"PropertyValueSpecification","valueRequired":true,"valueName":"search_term_string"}}],"inLanguage":"fr-FR"},{"@type":"Organization","@id":"https:\/\/www.planworks.de\/fr\/#organization","name":"Planworks","url":"https:\/\/www.planworks.de\/fr\/","logo":{"@type":"ImageObject","inLanguage":"fr-FR","@id":"https:\/\/www.planworks.de\/fr\/#\/schema\/logo\/image\/","url":"http:\/\/alpha.planworks.de\/wp-content\/uploads\/2023\/08\/Logo_Planworks.png","contentUrl":"http:\/\/alpha.planworks.de\/wp-content\/uploads\/2023\/08\/Logo_Planworks.png","width":3130,"height":582,"caption":"Planworks"},"image":{"@id":"https:\/\/www.planworks.de\/fr\/#\/schema\/logo\/image\/"},"sameAs":["https:\/\/www.youtube.com\/@planworksgmbh","https:\/\/www.linkedin.com\/company\/planworks-gmbh"]}]}},"_links":{"self":[{"href":"https:\/\/www.planworks.de\/fr\/wp-json\/wp\/v2\/pages\/819","targetHints":{"allow":["GET"]}}],"collection":[{"href":"https:\/\/www.planworks.de\/fr\/wp-json\/wp\/v2\/pages"}],"about":[{"href":"https:\/\/www.planworks.de\/fr\/wp-json\/wp\/v2\/types\/page"}],"author":[{"embeddable":true,"href":"https:\/\/www.planworks.de\/fr\/wp-json\/wp\/v2\/users\/1"}],"replies":[{"embeddable":true,"href":"https:\/\/www.planworks.de\/fr\/wp-json\/wp\/v2\/comments?post=819"}],"version-history":[{"count":35,"href":"https:\/\/www.planworks.de\/fr\/wp-json\/wp\/v2\/pages\/819\/revisions"}],"predecessor-version":[{"id":2117,"href":"https:\/\/www.planworks.de\/fr\/wp-json\/wp\/v2\/pages\/819\/revisions\/2117"}],"wp:attachment":[{"href":"https:\/\/www.planworks.de\/fr\/wp-json\/wp\/v2\/media?parent=819"}],"curies":[{"name":"wp","href":"https:\/\/api.w.org\/{rel}","templated":true}]}}